{"id":5782,"date":"2023-03-09T13:01:45","date_gmt":"2023-03-09T12:01:45","guid":{"rendered":"http:\/\/metodomanuelcasado.com\/prodotto\/cara-a-cara\/"},"modified":"2023-03-09T13:01:45","modified_gmt":"2023-03-09T12:01:45","slug":"cara-a-cara","status":"publish","type":"product","link":"https:\/\/metodomanuelcasado.com\/es\/prodotto\/cara-a-cara\/","title":{"rendered":"Cara a cara"},"content":{"rendered":"","protected":false},"excerpt":{"rendered":"","protected":false},"featured_media":5464,"comment_status":"open","ping_status":"closed","template":"","meta":{"site-sidebar-layout":"default","site-content-layout":"default","ast-site-content-layout":"","site-content-style":"default","site-sidebar-style":"default","ast-global-header-display":"","ast-banner-title-visibility":"","ast-main-header-display":"","ast-hfb-above-header-display":"","ast-hfb-below-header-display":"","ast-hfb-mobile-header-display":"","site-post-title":"","ast-breadcrumbs-content":"","ast-featured-img":"","footer-sml-layout":"","theme-transparent-header-meta":"default","adv-header-id-meta":"","stick-header-meta":"","header-above-stick-meta":"","header-main-stick-meta":"","header-below-stick-meta":"","astra-migrate-meta-layouts":"default","ast-page-background-enabled":"default","ast-page-background-meta":{"desktop":{"background-color":"var(--ast-global-color-4)","background-image":"","background-repeat":"repeat","background-position":"center center","background-size":"auto","background-attachment":"scroll","background-type":"","background-media":"","overlay-type":"","overlay-color":"","overlay-opacity":"","overlay-gradient":""},"tablet":{"background-color":"","background-image":"","background-repeat":"repeat","background-position":"center center","background-size":"auto","background-attachment":"scroll","background-type":"","background-media":"","overlay-type":"","overlay-color":"","overlay-opacity":"","overlay-gradient":""},"mobile":{"background-color":"","background-image":"","background-repeat":"repeat","background-position":"center center","background-size":"auto","background-attachment":"scroll","background-type":"","background-media":"","overlay-type":"","overlay-color":"","overlay-opacity":"","overlay-gradient":""}},"ast-content-background-meta":{"desktop":{"background-color":"var(--ast-global-color-5)","background-image":"","background-repeat":"repeat","background-position":"center center","background-size":"auto","background-attachment":"scroll","background-type":"","background-media":"","overlay-type":"","overlay-color":"","overlay-opacity":"","overlay-gradient":""},"tablet":{"background-color":"var(--ast-global-color-5)","background-image":"","background-repeat":"repeat","background-position":"center center","background-size":"auto","background-attachment":"scroll","background-type":"","background-media":"","overlay-type":"","overlay-color":"","overlay-opacity":"","overlay-gradient":""},"mobile":{"background-color":"var(--ast-global-color-5)","background-image":"","background-repeat":"repeat","background-position":"center center","background-size":"auto","background-attachment":"scroll","background-type":"","background-media":"","overlay-type":"","overlay-color":"","overlay-opacity":"","overlay-gradient":""}},"_glsr_average":0,"_glsr_ranking":0,"_glsr_reviews":0},"product_brand":[],"product_cat":[55],"product_tag":[],"class_list":{"0":"post-5782","1":"product","2":"type-product","3":"status-publish","4":"has-post-thumbnail","6":"product_cat-cursos","7":"desktop-align-left","8":"tablet-align-left","9":"mobile-align-left","11":"first","12":"instock","13":"virtual","14":"purchasable","15":"product-type-simple"},"yoast_head":"<!-- This site is optimized with the Yoast SEO plugin v26.6 - https:\/\/yoast.com\/wordpress\/plugins\/seo\/ -->\n<title>Cara a cara - Metodo Manuel Casado Corsi di massaggio<\/title>\n<meta name=\"description\" content=\"Face to Face es un innovador tratamiento facial completo, absolutamente no invasivo pero incre\u00edblemente eficaz. No se trata de un simple masaje, sino de un tratamiento completo que act\u00faa sobre los sistemas linf\u00e1tico, sangu\u00edneo, muscular y nervioso. El resultado es un rostro m\u00e1s radiante, una piel m\u00e1s firme y lisa y un \u00f3valo redefinido.\" \/>\n<meta name=\"robots\" content=\"index, follow, max-snippet:-1, max-image-preview:large, max-video-preview:-1\" \/>\n<link rel=\"canonical\" href=\"https:\/\/metodomanuelcasado.com\/es\/prodotto\/cara-a-cara\/\" \/>\n<meta property=\"og:locale\" content=\"es_ES\" \/>\n<meta property=\"og:type\" content=\"article\" \/>\n<meta property=\"og:title\" content=\"Cara a cara - Metodo Manuel Casado Corsi di massaggio\" \/>\n<meta property=\"og:description\" content=\"Face to Face es un innovador tratamiento facial completo, absolutamente no invasivo pero incre\u00edblemente eficaz. No se trata de un simple masaje, sino de un tratamiento completo que act\u00faa sobre los sistemas linf\u00e1tico, sangu\u00edneo, muscular y nervioso. El resultado es un rostro m\u00e1s radiante, una piel m\u00e1s firme y lisa y un \u00f3valo redefinido.\" \/>\n<meta property=\"og:url\" content=\"https:\/\/metodomanuelcasado.com\/es\/prodotto\/cara-a-cara\/\" \/>\n<meta property=\"og:site_name\" content=\"Metodo Manuel Casado\" \/>\n<meta property=\"article:publisher\" content=\"https:\/\/www.facebook.com\/profile.php?id=100027872575734\" \/>\n<meta property=\"og:image\" content=\"https:\/\/metodomanuelcasado.com\/wp-content\/uploads\/2023\/11\/Screenshot-2023-11-05-alle-19.58.16.png\" \/>\n\t<meta property=\"og:image:width\" content=\"1541\" \/>\n\t<meta property=\"og:image:height\" content=\"940\" \/>\n\t<meta property=\"og:image:type\" content=\"image\/png\" \/>\n<meta name=\"twitter:card\" content=\"summary_large_image\" \/>\n<script type=\"application\/ld+json\" class=\"yoast-schema-graph\">{\"@context\":\"https:\/\/schema.org\",\"@graph\":[{\"@type\":\"WebPage\",\"@id\":\"https:\/\/metodomanuelcasado.com\/es\/prodotto\/cara-a-cara\/\",\"url\":\"https:\/\/metodomanuelcasado.com\/es\/prodotto\/cara-a-cara\/\",\"name\":\"Cara a cara - Metodo Manuel Casado Corsi di massaggio\",\"isPartOf\":{\"@id\":\"https:\/\/metodomanuelcasado.com\/es\/#website\"},\"primaryImageOfPage\":{\"@id\":\"https:\/\/metodomanuelcasado.com\/es\/prodotto\/cara-a-cara\/#primaryimage\"},\"image\":{\"@id\":\"https:\/\/metodomanuelcasado.com\/es\/prodotto\/cara-a-cara\/#primaryimage\"},\"thumbnailUrl\":\"https:\/\/metodomanuelcasado.com\/wp-content\/uploads\/2023\/11\/Screenshot-2023-11-05-alle-19.58.16.png\",\"datePublished\":\"2023-03-09T12:01:45+00:00\",\"description\":\"Face to Face es un innovador tratamiento facial completo, absolutamente no invasivo pero incre\u00edblemente eficaz. No se trata de un simple masaje, sino de un tratamiento completo que act\u00faa sobre los sistemas linf\u00e1tico, sangu\u00edneo, muscular y nervioso. El resultado es un rostro m\u00e1s radiante, una piel m\u00e1s firme y lisa y un \u00f3valo redefinido.\",\"breadcrumb\":{\"@id\":\"https:\/\/metodomanuelcasado.com\/es\/prodotto\/cara-a-cara\/#breadcrumb\"},\"inLanguage\":\"es\",\"potentialAction\":[{\"@type\":\"ReadAction\",\"target\":[\"https:\/\/metodomanuelcasado.com\/es\/prodotto\/cara-a-cara\/\"]}]},{\"@type\":\"ImageObject\",\"inLanguage\":\"es\",\"@id\":\"https:\/\/metodomanuelcasado.com\/es\/prodotto\/cara-a-cara\/#primaryimage\",\"url\":\"https:\/\/metodomanuelcasado.com\/wp-content\/uploads\/2023\/11\/Screenshot-2023-11-05-alle-19.58.16.png\",\"contentUrl\":\"https:\/\/metodomanuelcasado.com\/wp-content\/uploads\/2023\/11\/Screenshot-2023-11-05-alle-19.58.16.png\",\"width\":1541,\"height\":940},{\"@type\":\"BreadcrumbList\",\"@id\":\"https:\/\/metodomanuelcasado.com\/es\/prodotto\/cara-a-cara\/#breadcrumb\",\"itemListElement\":[{\"@type\":\"ListItem\",\"position\":1,\"name\":\"Home\",\"item\":\"https:\/\/metodomanuelcasado.com\/es\/\"},{\"@type\":\"ListItem\",\"position\":2,\"name\":\"Productos\",\"item\":\"https:\/\/metodomanuelcasado.com\/es\/shop\/\"},{\"@type\":\"ListItem\",\"position\":3,\"name\":\"Cara a cara\"}]},{\"@type\":\"WebSite\",\"@id\":\"https:\/\/metodomanuelcasado.com\/es\/#website\",\"url\":\"https:\/\/metodomanuelcasado.com\/es\/\",\"name\":\"Manuel Casado\",\"description\":\"Corsi di massaggio\",\"publisher\":{\"@id\":\"https:\/\/metodomanuelcasado.com\/es\/#organization\"},\"potentialAction\":[{\"@type\":\"SearchAction\",\"target\":{\"@type\":\"EntryPoint\",\"urlTemplate\":\"https:\/\/metodomanuelcasado.com\/es\/?s={search_term_string}\"},\"query-input\":{\"@type\":\"PropertyValueSpecification\",\"valueRequired\":true,\"valueName\":\"search_term_string\"}}],\"inLanguage\":\"es\"},{\"@type\":\"Organization\",\"@id\":\"https:\/\/metodomanuelcasado.com\/es\/#organization\",\"name\":\"Manuel Casado Corsi di massaggio per il benessere psico-fisico\",\"url\":\"https:\/\/metodomanuelcasado.com\/es\/\",\"logo\":{\"@type\":\"ImageObject\",\"inLanguage\":\"es\",\"@id\":\"https:\/\/metodomanuelcasado.com\/es\/#\/schema\/logo\/image\/\",\"url\":\"http:\/\/metodomanuelcasado.com\/wp-content\/uploads\/2022\/11\/cropped-765fab76-1ea1-4dbc-ba36-d11a4c57ebe2.jpeg\",\"contentUrl\":\"http:\/\/metodomanuelcasado.com\/wp-content\/uploads\/2022\/11\/cropped-765fab76-1ea1-4dbc-ba36-d11a4c57ebe2.jpeg\",\"width\":512,\"height\":512,\"caption\":\"Manuel Casado Corsi di massaggio per il benessere psico-fisico\"},\"image\":{\"@id\":\"https:\/\/metodomanuelcasado.com\/es\/#\/schema\/logo\/image\/\"},\"sameAs\":[\"https:\/\/www.facebook.com\/profile.php?id=100027872575734\",\"https:\/\/www.instagram.com\/maderoterapia_manuelcasado\/\"]}]}<\/script>\n<!-- \/ Yoast SEO plugin. -->","yoast_head_json":{"title":"Cara a cara - Metodo Manuel Casado Corsi di massaggio","description":"Face to Face es un innovador tratamiento facial completo, absolutamente no invasivo pero incre\u00edblemente eficaz. No se trata de un simple masaje, sino de un tratamiento completo que act\u00faa sobre los sistemas linf\u00e1tico, sangu\u00edneo, muscular y nervioso. El resultado es un rostro m\u00e1s radiante, una piel m\u00e1s firme y lisa y un \u00f3valo redefinido.","robots":{"index":"index","follow":"follow","max-snippet":"max-snippet:-1","max-image-preview":"max-image-preview:large","max-video-preview":"max-video-preview:-1"},"canonical":"https:\/\/metodomanuelcasado.com\/es\/prodotto\/cara-a-cara\/","og_locale":"es_ES","og_type":"article","og_title":"Cara a cara - Metodo Manuel Casado Corsi di massaggio","og_description":"Face to Face es un innovador tratamiento facial completo, absolutamente no invasivo pero incre\u00edblemente eficaz. No se trata de un simple masaje, sino de un tratamiento completo que act\u00faa sobre los sistemas linf\u00e1tico, sangu\u00edneo, muscular y nervioso. El resultado es un rostro m\u00e1s radiante, una piel m\u00e1s firme y lisa y un \u00f3valo redefinido.","og_url":"https:\/\/metodomanuelcasado.com\/es\/prodotto\/cara-a-cara\/","og_site_name":"Metodo Manuel Casado","article_publisher":"https:\/\/www.facebook.com\/profile.php?id=100027872575734","og_image":[{"width":1541,"height":940,"url":"https:\/\/metodomanuelcasado.com\/wp-content\/uploads\/2023\/11\/Screenshot-2023-11-05-alle-19.58.16.png","type":"image\/png"}],"twitter_card":"summary_large_image","schema":{"@context":"https:\/\/schema.org","@graph":[{"@type":"WebPage","@id":"https:\/\/metodomanuelcasado.com\/es\/prodotto\/cara-a-cara\/","url":"https:\/\/metodomanuelcasado.com\/es\/prodotto\/cara-a-cara\/","name":"Cara a cara - Metodo Manuel Casado Corsi di massaggio","isPartOf":{"@id":"https:\/\/metodomanuelcasado.com\/es\/#website"},"primaryImageOfPage":{"@id":"https:\/\/metodomanuelcasado.com\/es\/prodotto\/cara-a-cara\/#primaryimage"},"image":{"@id":"https:\/\/metodomanuelcasado.com\/es\/prodotto\/cara-a-cara\/#primaryimage"},"thumbnailUrl":"https:\/\/metodomanuelcasado.com\/wp-content\/uploads\/2023\/11\/Screenshot-2023-11-05-alle-19.58.16.png","datePublished":"2023-03-09T12:01:45+00:00","description":"Face to Face es un innovador tratamiento facial completo, absolutamente no invasivo pero incre\u00edblemente eficaz. No se trata de un simple masaje, sino de un tratamiento completo que act\u00faa sobre los sistemas linf\u00e1tico, sangu\u00edneo, muscular y nervioso. El resultado es un rostro m\u00e1s radiante, una piel m\u00e1s firme y lisa y un \u00f3valo redefinido.","breadcrumb":{"@id":"https:\/\/metodomanuelcasado.com\/es\/prodotto\/cara-a-cara\/#breadcrumb"},"inLanguage":"es","potentialAction":[{"@type":"ReadAction","target":["https:\/\/metodomanuelcasado.com\/es\/prodotto\/cara-a-cara\/"]}]},{"@type":"ImageObject","inLanguage":"es","@id":"https:\/\/metodomanuelcasado.com\/es\/prodotto\/cara-a-cara\/#primaryimage","url":"https:\/\/metodomanuelcasado.com\/wp-content\/uploads\/2023\/11\/Screenshot-2023-11-05-alle-19.58.16.png","contentUrl":"https:\/\/metodomanuelcasado.com\/wp-content\/uploads\/2023\/11\/Screenshot-2023-11-05-alle-19.58.16.png","width":1541,"height":940},{"@type":"BreadcrumbList","@id":"https:\/\/metodomanuelcasado.com\/es\/prodotto\/cara-a-cara\/#breadcrumb","itemListElement":[{"@type":"ListItem","position":1,"name":"Home","item":"https:\/\/metodomanuelcasado.com\/es\/"},{"@type":"ListItem","position":2,"name":"Productos","item":"https:\/\/metodomanuelcasado.com\/es\/shop\/"},{"@type":"ListItem","position":3,"name":"Cara a cara"}]},{"@type":"WebSite","@id":"https:\/\/metodomanuelcasado.com\/es\/#website","url":"https:\/\/metodomanuelcasado.com\/es\/","name":"Manuel Casado","description":"Corsi di massaggio","publisher":{"@id":"https:\/\/metodomanuelcasado.com\/es\/#organization"},"potentialAction":[{"@type":"SearchAction","target":{"@type":"EntryPoint","urlTemplate":"https:\/\/metodomanuelcasado.com\/es\/?s={search_term_string}"},"query-input":{"@type":"PropertyValueSpecification","valueRequired":true,"valueName":"search_term_string"}}],"inLanguage":"es"},{"@type":"Organization","@id":"https:\/\/metodomanuelcasado.com\/es\/#organization","name":"Manuel Casado Corsi di massaggio per il benessere psico-fisico","url":"https:\/\/metodomanuelcasado.com\/es\/","logo":{"@type":"ImageObject","inLanguage":"es","@id":"https:\/\/metodomanuelcasado.com\/es\/#\/schema\/logo\/image\/","url":"http:\/\/metodomanuelcasado.com\/wp-content\/uploads\/2022\/11\/cropped-765fab76-1ea1-4dbc-ba36-d11a4c57ebe2.jpeg","contentUrl":"http:\/\/metodomanuelcasado.com\/wp-content\/uploads\/2022\/11\/cropped-765fab76-1ea1-4dbc-ba36-d11a4c57ebe2.jpeg","width":512,"height":512,"caption":"Manuel Casado Corsi di massaggio per il benessere psico-fisico"},"image":{"@id":"https:\/\/metodomanuelcasado.com\/es\/#\/schema\/logo\/image\/"},"sameAs":["https:\/\/www.facebook.com\/profile.php?id=100027872575734","https:\/\/www.instagram.com\/maderoterapia_manuelcasado\/"]}]}},"_links":{"self":[{"href":"https:\/\/metodomanuelcasado.com\/es\/wp-json\/wp\/v2\/product\/5782","targetHints":{"allow":["GET"]}}],"collection":[{"href":"https:\/\/metodomanuelcasado.com\/es\/wp-json\/wp\/v2\/product"}],"about":[{"href":"https:\/\/metodomanuelcasado.com\/es\/wp-json\/wp\/v2\/types\/product"}],"replies":[{"embeddable":true,"href":"https:\/\/metodomanuelcasado.com\/es\/wp-json\/wp\/v2\/comments?post=5782"}],"wp:featuredmedia":[{"embeddable":true,"href":"https:\/\/metodomanuelcasado.com\/es\/wp-json\/wp\/v2\/media\/5464"}],"wp:attachment":[{"href":"https:\/\/metodomanuelcasado.com\/es\/wp-json\/wp\/v2\/media?parent=5782"}],"wp:term":[{"taxonomy":"product_brand","embeddable":true,"href":"https:\/\/metodomanuelcasado.com\/es\/wp-json\/wp\/v2\/product_brand?post=5782"},{"taxonomy":"product_cat","embeddable":true,"href":"https:\/\/metodomanuelcasado.com\/es\/wp-json\/wp\/v2\/product_cat?post=5782"},{"taxonomy":"product_tag","embeddable":true,"href":"https:\/\/metodomanuelcasado.com\/es\/wp-json\/wp\/v2\/product_tag?post=5782"}],"curies":[{"name":"wp","href":"https:\/\/api.w.org\/{rel}","templated":true}]}}