{"id":5773,"date":"2023-03-09T16:26:29","date_gmt":"2023-03-09T15:26:29","guid":{"rendered":"http:\/\/metodomanuelcasado.com\/prodotto\/kit-completo-de-herramientas-de-maderoterapia\/"},"modified":"2023-03-09T16:26:29","modified_gmt":"2023-03-09T15:26:29","slug":"kit-completo-de-herramientas-de-maderoterapia","status":"publish","type":"product","link":"https:\/\/metodomanuelcasado.com\/es\/prodotto\/kit-completo-de-herramientas-de-maderoterapia\/","title":{"rendered":"Kit completo de herramientas de maderoterapia"},"content":{"rendered":"<p>El kit completo de herramientas del M\u00e9todo Manuel Casado incluye:<\/p>\n<ul>\n<li>Rodillo liso<\/li>\n<li>Rodillo dentado<\/li>\n<li>Rodillo con 4 tuercas<\/li>\n<li>Copa Sueca<\/li>\n<li>Setas<\/li>\n<li>Tabla de modelizaci\u00f3n<\/li>\n<li>Masajeador con Esferas<\/li>\n<li>Masajeador modelador<\/li>\n<\/ul>\n<div class=\"elementor-element elementor-element-b0eb9ec elementor-widget elementor-widget-heading animated fadeIn\" data-id=\"b0eb9ec\" data-element_type=\"widget\" data-settings=\"{\"_animation\":\"fadeIn\"}\" data-widget_type=\"heading.default\">\n<div class=\"elementor-widget-container\">\n<h2 class=\"elementor-heading-title elementor-size-default\">RODILLO LISO<\/h2>\n<\/div>\n<\/div>\n<div class=\"elementor-element elementor-element-31e4228 elementor-widget elementor-widget-text-editor\" data-id=\"31e4228\" data-element_type=\"widget\" data-widget_type=\"text-editor.default\">\n<div class=\"elementor-widget-container\">\n<p>Activa el sistema circulatorio, el sistema linf\u00e1tico, estimula el sistema nervioso perif\u00e9rico y provoca una relajaci\u00f3n considerable.<br \/>\nEn los tratamientos reductores, ayuda a eliminar los adipocitos de las capas superficiales de la epidermis.<\/p>\n<div class=\"elementor-element elementor-element-d756d28 elementor-widget elementor-widget-heading animated fadeIn\" data-id=\"d756d28\" data-element_type=\"widget\" data-settings=\"{\"_animation\":\"fadeIn\"}\" data-widget_type=\"heading.default\">\n<div class=\"elementor-widget-container\">\n<h2 class=\"elementor-heading-title elementor-size-default\">RODILLO DENTADO<\/h2>\n<\/div>\n<\/div>\n<div class=\"elementor-element elementor-element-7d84d27 elementor-widget elementor-widget-text-editor\" data-id=\"7d84d27\" data-element_type=\"widget\" data-widget_type=\"text-editor.default\">\n<div class=\"elementor-widget-container\">\n<p>Activa los sistemas circulatorio y linf\u00e1tico y estimula el sistema nervioso perif\u00e9rico.<br \/>\nEn los tratamientos reductores, facilita la eliminaci\u00f3n de la adiposidad de la epidermis en una capa m\u00e1s profunda que el rodillo liso.<\/p>\n<div class=\"elementor-element elementor-element-67844f4 elementor-widget elementor-widget-heading animated fadeIn\" data-id=\"67844f4\" data-element_type=\"widget\" data-settings=\"{\"_animation\":\"fadeIn\"}\" data-widget_type=\"heading.default\">\n<div class=\"elementor-widget-container\">\n<h2 class=\"elementor-heading-title elementor-size-default\">RODILLO CON 4 TUERCAS<\/h2>\n<\/div>\n<\/div>\n<div class=\"elementor-element elementor-element-877afd3 elementor-widget elementor-widget-text-editor\" data-id=\"877afd3\" data-element_type=\"widget\" data-widget_type=\"text-editor.default\">\n<div class=\"elementor-widget-container\">\n<p>Adecuado para cintura, caderas, caderas y abdomen.<br \/>\nReduce la masa corporal, elimina la lipodistrofia y ayuda a combatir la celulitis y la fibrosis.<\/p>\n<div class=\"elementor-element elementor-element-42953c9 elementor-widget elementor-widget-heading animated fadeIn\" data-id=\"42953c9\" data-element_type=\"widget\" data-settings=\"{\"_animation\":\"fadeIn\"}\" data-widget_type=\"heading.default\">\n<div class=\"elementor-widget-container\">\n<h2 class=\"elementor-heading-title elementor-size-default\">PAREJA SUECA<\/h2>\n<\/div>\n<\/div>\n<div class=\"elementor-element elementor-element-2e3f6cf elementor-widget elementor-widget-text-editor\" data-id=\"2e3f6cf\" data-element_type=\"widget\" data-widget_type=\"text-editor.default\">\n<div class=\"elementor-widget-container\">\n<p>Produce un efecto de succi\u00f3n similar al de la terapia de vac\u00edo, pero muy suave para no aumentar el edema. Los movimientos se realizan hacia los ganglios linf\u00e1ticos, lo que permite reducir la grasa localizada, remodelar los muslos, la cintura, la espalda, el abdomen, tonificar y \u00ablevantar\u00bb los gl\u00fateos.<br \/>\nTambi\u00e9n elimina el exceso de l\u00edquido, adem\u00e1s de tonificar los m\u00fasculos y moldear el cuerpo.<\/p>\n<div class=\"elementor-element elementor-element-6e1e2cc elementor-widget elementor-widget-heading animated fadeIn\" data-id=\"6e1e2cc\" data-element_type=\"widget\" data-settings=\"{\"_animation\":\"fadeIn\"}\" data-widget_type=\"heading.default\">\n<div class=\"elementor-widget-container\">\n<h2 class=\"elementor-heading-title elementor-size-default\">FUNGO<\/h2>\n<\/div>\n<\/div>\n<div class=\"elementor-element elementor-element-694fc90 elementor-widget elementor-widget-text-editor\" data-id=\"694fc90\" data-element_type=\"widget\" data-widget_type=\"text-editor.default\">\n<div class=\"elementor-widget-container\">\n<p>Dise\u00f1ado para combatir la celulitis, los espasmos musculares y el dolor lumbar. Activa la circulaci\u00f3n sangu\u00ednea y linf\u00e1tica vaciando los adipocitos superficiales.<br \/>\nTambi\u00e9n es \u00fatil en masajes antiestr\u00e9s y anticelul\u00edticos.<\/p>\n<div class=\"elementor-element elementor-element-909e4ac elementor-widget elementor-widget-heading animated fadeIn\" data-id=\"909e4ac\" data-element_type=\"widget\" data-settings=\"{\"_animation\":\"fadeIn\"}\" data-widget_type=\"heading.default\">\n<div class=\"elementor-widget-container\">\n<h2 class=\"elementor-heading-title elementor-size-default\">MESA DE MODELADO<\/h2>\n<\/div>\n<\/div>\n<div class=\"elementor-element elementor-element-14065f7 elementor-widget elementor-widget-text-editor\" data-id=\"14065f7\" data-element_type=\"widget\" data-widget_type=\"text-editor.default\">\n<div class=\"elementor-widget-container\">\n<p>Ideal para tonificar, modelar las zonas m\u00e1s dif\u00edciles del cuerpo y redefinir la silueta. Tiene una acci\u00f3n tonificante sobre la piel debido al tir\u00f3n de la tabla.<br \/>\nDrena en profundidad la grasa extra\u00edda de los adipocitos hacia las estaciones linf\u00e1ticas m\u00e1s pr\u00f3ximas. Facilita la circulaci\u00f3n de retorno y ayuda en gran medida a resolver los problemas de edema.<\/p>\n<div class=\"elementor-element elementor-element-dcba208 elementor-widget elementor-widget-heading animated fadeIn\" data-id=\"dcba208\" data-element_type=\"widget\" data-settings=\"{\"_animation\":\"fadeIn\"}\" data-widget_type=\"heading.default\">\n<div class=\"elementor-widget-container\">\n<h2 class=\"elementor-heading-title elementor-size-default\">MASAJEADOR CON ESFERAS<\/h2>\n<\/div>\n<\/div>\n<div class=\"elementor-element elementor-element-9e47d0e elementor-widget elementor-widget-text-editor\" data-id=\"9e47d0e\" data-element_type=\"widget\" data-widget_type=\"text-editor.default\">\n<div class=\"elementor-widget-container\">\n<p>Herramienta vers\u00e1til excelente para masajes relajantes, indispensable para descontracturar.<br \/>\nTambi\u00e9n es \u00fatil para estimular los sistemas circulatorio y linf\u00e1tico.<\/p>\n<div class=\"elementor-element elementor-element-dcf13e9 elementor-widget elementor-widget-heading animated fadeIn\" data-id=\"dcf13e9\" data-element_type=\"widget\" data-settings=\"{\"_animation\":\"fadeIn\"}\" data-widget_type=\"heading.default\">\n<div class=\"elementor-widget-container\">\n<h2 class=\"elementor-heading-title elementor-size-default\">MASAJEADOR MODELADOR<\/h2>\n<\/div>\n<\/div>\n<div class=\"elementor-element elementor-element-3a53edf elementor-widget elementor-widget-text-editor\" data-id=\"3a53edf\" data-element_type=\"widget\" data-widget_type=\"text-editor.default\">\n<div class=\"elementor-widget-container\">\n<p>Provoca vasodilataci\u00f3n y aceleraci\u00f3n sangu\u00ednea. Activa mejor la liberaci\u00f3n de sustancias necesarias para los procesos de reparaci\u00f3n para una eliminaci\u00f3n m\u00e1s r\u00e1pida de sustancias t\u00f3xicas y residuos. Reduce los edemas, estimula el metabolismo celular y acelera la reparaci\u00f3n de los tejidos da\u00f1ados. Alivia el dolor aumentando su acci\u00f3n directa sobre las terminaciones nerviosas y estimulando indirectamente la producci\u00f3n de endorfinas. Aumenta la elasticidad de las fibras tendinosas, las c\u00e1psulas articulares y las cicatrices.<br \/>\nEstimula las 2 prote\u00ednas col\u00e1geno y elastina que reafirman la piel.<\/p>\n<\/div>\n<\/div>\n<\/div>\n<\/div>\n<\/div>\n<\/div>\n<\/div>\n<\/div>\n<\/div>\n<\/div>\n<\/div>\n<\/div>\n<\/div>\n<\/div>\n<\/div>\n<\/div>\n","protected":false},"excerpt":{"rendered":"<p>El kit completo de herramientas del M\u00e9todo Manuel Casado incluye:<\/p>\n<ul>\n<li>Rodillo liso<\/li>\n<li>Rodillo dentado<\/li>\n<li>Rodillo con 4 tuercas<\/li>\n<li>Copa Sueca<\/li>\n<li>Setas<\/li>\n<li>Tabla de modelizaci\u00f3n<\/li>\n<li>Masajeador con Esferas<\/li>\n<li>Masajeador modelador<\/li>\n<\/ul>\n","protected":false},"featured_media":5324,"comment_status":"open","ping_status":"closed","template":"","meta":{"site-sidebar-layout":"default","site-content-layout":"default","ast-site-content-layout":"","site-content-style":"default","site-sidebar-style":"default","ast-global-header-display":"","ast-banner-title-visibility":"","ast-main-header-display":"","ast-hfb-above-header-display":"","ast-hfb-below-header-display":"","ast-hfb-mobile-header-display":"","site-post-title":"","ast-breadcrumbs-content":"","ast-featured-img":"","footer-sml-layout":"","theme-transparent-header-meta":"default","adv-header-id-meta":"","stick-header-meta":"","header-above-stick-meta":"","header-main-stick-meta":"","header-below-stick-meta":"","astra-migrate-meta-layouts":"default","ast-page-background-enabled":"default","ast-page-background-meta":{"desktop":{"background-color":"var(--ast-global-color-4)","background-image":"","background-repeat":"repeat","background-position":"center center","background-size":"auto","background-attachment":"scroll","background-type":"","background-media":"","overlay-type":"","overlay-color":"","overlay-opacity":"","overlay-gradient":""},"tablet":{"background-color":"","background-image":"","background-repeat":"repeat","background-position":"center center","background-size":"auto","background-attachment":"scroll","background-type":"","background-media":"","overlay-type":"","overlay-color":"","overlay-opacity":"","overlay-gradient":""},"mobile":{"background-color":"","background-image":"","background-repeat":"repeat","background-position":"center center","background-size":"auto","background-attachment":"scroll","background-type":"","background-media":"","overlay-type":"","overlay-color":"","overlay-opacity":"","overlay-gradient":""}},"ast-content-background-meta":{"desktop":{"background-color":"var(--ast-global-color-5)","background-image":"","background-repeat":"repeat","background-position":"center center","background-size":"auto","background-attachment":"scroll","background-type":"","background-media":"","overlay-type":"","overlay-color":"","overlay-opacity":"","overlay-gradient":""},"tablet":{"background-color":"var(--ast-global-color-5)","background-image":"","background-repeat":"repeat","background-position":"center center","background-size":"auto","background-attachment":"scroll","background-type":"","background-media":"","overlay-type":"","overlay-color":"","overlay-opacity":"","overlay-gradient":""},"mobile":{"background-color":"var(--ast-global-color-5)","background-image":"","background-repeat":"repeat","background-position":"center center","background-size":"auto","background-attachment":"scroll","background-type":"","background-media":"","overlay-type":"","overlay-color":"","overlay-opacity":"","overlay-gradient":""}},"_glsr_average":0,"_glsr_ranking":0,"_glsr_reviews":0},"product_brand":[],"product_cat":[51,50],"product_tag":[54,53,52],"class_list":{"0":"post-5773","1":"product","2":"type-product","3":"status-publish","4":"has-post-thumbnail","6":"product_cat-herramientas","7":"product_cat-kit-es","8":"product_tag-herramientas-de-masaje-de-madera","9":"product_tag-instrumentos-de-masaje","10":"product_tag-maderoterapia-es","11":"desktop-align-left","12":"tablet-align-left","13":"mobile-align-left","15":"first","16":"instock","17":"shipping-taxable","18":"purchasable","19":"product-type-simple"},"yoast_head":"<!-- This site is optimized with the Yoast SEO plugin v26.6 - https:\/\/yoast.com\/wordpress\/plugins\/seo\/ -->\n<title>Kit completo de herramientas de maderoterapia - Metodo Manuel Casado Corsi di massaggio<\/title>\n<meta name=\"description\" content=\"El kit completo del M\u00e9todo Manuel Casado incluye todas las herramientas de masaje. Para m\u00e1s informaci\u00f3n, visite esta p\u00e1gina.\" \/>\n<meta name=\"robots\" content=\"index, follow, max-snippet:-1, max-image-preview:large, max-video-preview:-1\" \/>\n<link rel=\"canonical\" href=\"https:\/\/metodomanuelcasado.com\/es\/prodotto\/kit-completo-de-herramientas-de-maderoterapia\/\" \/>\n<meta property=\"og:locale\" content=\"es_ES\" \/>\n<meta property=\"og:type\" content=\"article\" \/>\n<meta property=\"og:title\" content=\"Kit completo de herramientas de maderoterapia - Metodo Manuel Casado Corsi di massaggio\" \/>\n<meta property=\"og:description\" content=\"El kit completo del M\u00e9todo Manuel Casado incluye todas las herramientas de masaje. Para m\u00e1s informaci\u00f3n, visite esta p\u00e1gina.\" \/>\n<meta property=\"og:url\" content=\"https:\/\/metodomanuelcasado.com\/es\/prodotto\/kit-completo-de-herramientas-de-maderoterapia\/\" \/>\n<meta property=\"og:site_name\" content=\"Metodo Manuel Casado\" \/>\n<meta property=\"article:publisher\" content=\"https:\/\/www.facebook.com\/profile.php?id=100027872575734\" \/>\n<meta property=\"og:image\" content=\"https:\/\/metodomanuelcasado.com\/wp-content\/uploads\/2023\/03\/7.png\" \/>\n\t<meta property=\"og:image:width\" content=\"700\" \/>\n\t<meta property=\"og:image:height\" content=\"900\" \/>\n\t<meta property=\"og:image:type\" content=\"image\/png\" \/>\n<meta name=\"twitter:card\" content=\"summary_large_image\" \/>\n<meta name=\"twitter:label1\" content=\"Tiempo de lectura\" \/>\n\t<meta name=\"twitter:data1\" content=\"2 minutos\" \/>\n<script type=\"application\/ld+json\" class=\"yoast-schema-graph\">{\"@context\":\"https:\/\/schema.org\",\"@graph\":[{\"@type\":\"WebPage\",\"@id\":\"https:\/\/metodomanuelcasado.com\/es\/prodotto\/kit-completo-de-herramientas-de-maderoterapia\/\",\"url\":\"https:\/\/metodomanuelcasado.com\/es\/prodotto\/kit-completo-de-herramientas-de-maderoterapia\/\",\"name\":\"Kit completo de herramientas de maderoterapia - Metodo Manuel Casado Corsi di massaggio\",\"isPartOf\":{\"@id\":\"https:\/\/metodomanuelcasado.com\/es\/#website\"},\"primaryImageOfPage\":{\"@id\":\"https:\/\/metodomanuelcasado.com\/es\/prodotto\/kit-completo-de-herramientas-de-maderoterapia\/#primaryimage\"},\"image\":{\"@id\":\"https:\/\/metodomanuelcasado.com\/es\/prodotto\/kit-completo-de-herramientas-de-maderoterapia\/#primaryimage\"},\"thumbnailUrl\":\"https:\/\/metodomanuelcasado.com\/wp-content\/uploads\/2023\/03\/7.png\",\"datePublished\":\"2023-03-09T15:26:29+00:00\",\"description\":\"El kit completo del M\u00e9todo Manuel Casado incluye todas las herramientas de masaje. Para m\u00e1s informaci\u00f3n, visite esta p\u00e1gina.\",\"breadcrumb\":{\"@id\":\"https:\/\/metodomanuelcasado.com\/es\/prodotto\/kit-completo-de-herramientas-de-maderoterapia\/#breadcrumb\"},\"inLanguage\":\"es\",\"potentialAction\":[{\"@type\":\"ReadAction\",\"target\":[\"https:\/\/metodomanuelcasado.com\/es\/prodotto\/kit-completo-de-herramientas-de-maderoterapia\/\"]}]},{\"@type\":\"ImageObject\",\"inLanguage\":\"es\",\"@id\":\"https:\/\/metodomanuelcasado.com\/es\/prodotto\/kit-completo-de-herramientas-de-maderoterapia\/#primaryimage\",\"url\":\"https:\/\/metodomanuelcasado.com\/wp-content\/uploads\/2023\/03\/7.png\",\"contentUrl\":\"https:\/\/metodomanuelcasado.com\/wp-content\/uploads\/2023\/03\/7.png\",\"width\":700,\"height\":900},{\"@type\":\"BreadcrumbList\",\"@id\":\"https:\/\/metodomanuelcasado.com\/es\/prodotto\/kit-completo-de-herramientas-de-maderoterapia\/#breadcrumb\",\"itemListElement\":[{\"@type\":\"ListItem\",\"position\":1,\"name\":\"Home\",\"item\":\"https:\/\/metodomanuelcasado.com\/es\/\"},{\"@type\":\"ListItem\",\"position\":2,\"name\":\"Productos\",\"item\":\"https:\/\/metodomanuelcasado.com\/es\/shop\/\"},{\"@type\":\"ListItem\",\"position\":3,\"name\":\"Kit completo de herramientas de maderoterapia\"}]},{\"@type\":\"WebSite\",\"@id\":\"https:\/\/metodomanuelcasado.com\/es\/#website\",\"url\":\"https:\/\/metodomanuelcasado.com\/es\/\",\"name\":\"Manuel Casado\",\"description\":\"Corsi di massaggio\",\"publisher\":{\"@id\":\"https:\/\/metodomanuelcasado.com\/es\/#organization\"},\"potentialAction\":[{\"@type\":\"SearchAction\",\"target\":{\"@type\":\"EntryPoint\",\"urlTemplate\":\"https:\/\/metodomanuelcasado.com\/es\/?s={search_term_string}\"},\"query-input\":{\"@type\":\"PropertyValueSpecification\",\"valueRequired\":true,\"valueName\":\"search_term_string\"}}],\"inLanguage\":\"es\"},{\"@type\":\"Organization\",\"@id\":\"https:\/\/metodomanuelcasado.com\/es\/#organization\",\"name\":\"Manuel Casado Corsi di massaggio per il benessere psico-fisico\",\"url\":\"https:\/\/metodomanuelcasado.com\/es\/\",\"logo\":{\"@type\":\"ImageObject\",\"inLanguage\":\"es\",\"@id\":\"https:\/\/metodomanuelcasado.com\/es\/#\/schema\/logo\/image\/\",\"url\":\"http:\/\/metodomanuelcasado.com\/wp-content\/uploads\/2022\/11\/cropped-765fab76-1ea1-4dbc-ba36-d11a4c57ebe2.jpeg\",\"contentUrl\":\"http:\/\/metodomanuelcasado.com\/wp-content\/uploads\/2022\/11\/cropped-765fab76-1ea1-4dbc-ba36-d11a4c57ebe2.jpeg\",\"width\":512,\"height\":512,\"caption\":\"Manuel Casado Corsi di massaggio per il benessere psico-fisico\"},\"image\":{\"@id\":\"https:\/\/metodomanuelcasado.com\/es\/#\/schema\/logo\/image\/\"},\"sameAs\":[\"https:\/\/www.facebook.com\/profile.php?id=100027872575734\",\"https:\/\/www.instagram.com\/maderoterapia_manuelcasado\/\"]}]}<\/script>\n<!-- \/ Yoast SEO plugin. -->","yoast_head_json":{"title":"Kit completo de herramientas de maderoterapia - Metodo Manuel Casado Corsi di massaggio","description":"El kit completo del M\u00e9todo Manuel Casado incluye todas las herramientas de masaje. Para m\u00e1s informaci\u00f3n, visite esta p\u00e1gina.","robots":{"index":"index","follow":"follow","max-snippet":"max-snippet:-1","max-image-preview":"max-image-preview:large","max-video-preview":"max-video-preview:-1"},"canonical":"https:\/\/metodomanuelcasado.com\/es\/prodotto\/kit-completo-de-herramientas-de-maderoterapia\/","og_locale":"es_ES","og_type":"article","og_title":"Kit completo de herramientas de maderoterapia - Metodo Manuel Casado Corsi di massaggio","og_description":"El kit completo del M\u00e9todo Manuel Casado incluye todas las herramientas de masaje. Para m\u00e1s informaci\u00f3n, visite esta p\u00e1gina.","og_url":"https:\/\/metodomanuelcasado.com\/es\/prodotto\/kit-completo-de-herramientas-de-maderoterapia\/","og_site_name":"Metodo Manuel Casado","article_publisher":"https:\/\/www.facebook.com\/profile.php?id=100027872575734","og_image":[{"width":700,"height":900,"url":"https:\/\/metodomanuelcasado.com\/wp-content\/uploads\/2023\/03\/7.png","type":"image\/png"}],"twitter_card":"summary_large_image","twitter_misc":{"Tiempo de lectura":"2 minutos"},"schema":{"@context":"https:\/\/schema.org","@graph":[{"@type":"WebPage","@id":"https:\/\/metodomanuelcasado.com\/es\/prodotto\/kit-completo-de-herramientas-de-maderoterapia\/","url":"https:\/\/metodomanuelcasado.com\/es\/prodotto\/kit-completo-de-herramientas-de-maderoterapia\/","name":"Kit completo de herramientas de maderoterapia - Metodo Manuel Casado Corsi di massaggio","isPartOf":{"@id":"https:\/\/metodomanuelcasado.com\/es\/#website"},"primaryImageOfPage":{"@id":"https:\/\/metodomanuelcasado.com\/es\/prodotto\/kit-completo-de-herramientas-de-maderoterapia\/#primaryimage"},"image":{"@id":"https:\/\/metodomanuelcasado.com\/es\/prodotto\/kit-completo-de-herramientas-de-maderoterapia\/#primaryimage"},"thumbnailUrl":"https:\/\/metodomanuelcasado.com\/wp-content\/uploads\/2023\/03\/7.png","datePublished":"2023-03-09T15:26:29+00:00","description":"El kit completo del M\u00e9todo Manuel Casado incluye todas las herramientas de masaje. Para m\u00e1s informaci\u00f3n, visite esta p\u00e1gina.","breadcrumb":{"@id":"https:\/\/metodomanuelcasado.com\/es\/prodotto\/kit-completo-de-herramientas-de-maderoterapia\/#breadcrumb"},"inLanguage":"es","potentialAction":[{"@type":"ReadAction","target":["https:\/\/metodomanuelcasado.com\/es\/prodotto\/kit-completo-de-herramientas-de-maderoterapia\/"]}]},{"@type":"ImageObject","inLanguage":"es","@id":"https:\/\/metodomanuelcasado.com\/es\/prodotto\/kit-completo-de-herramientas-de-maderoterapia\/#primaryimage","url":"https:\/\/metodomanuelcasado.com\/wp-content\/uploads\/2023\/03\/7.png","contentUrl":"https:\/\/metodomanuelcasado.com\/wp-content\/uploads\/2023\/03\/7.png","width":700,"height":900},{"@type":"BreadcrumbList","@id":"https:\/\/metodomanuelcasado.com\/es\/prodotto\/kit-completo-de-herramientas-de-maderoterapia\/#breadcrumb","itemListElement":[{"@type":"ListItem","position":1,"name":"Home","item":"https:\/\/metodomanuelcasado.com\/es\/"},{"@type":"ListItem","position":2,"name":"Productos","item":"https:\/\/metodomanuelcasado.com\/es\/shop\/"},{"@type":"ListItem","position":3,"name":"Kit completo de herramientas de maderoterapia"}]},{"@type":"WebSite","@id":"https:\/\/metodomanuelcasado.com\/es\/#website","url":"https:\/\/metodomanuelcasado.com\/es\/","name":"Manuel Casado","description":"Corsi di massaggio","publisher":{"@id":"https:\/\/metodomanuelcasado.com\/es\/#organization"},"potentialAction":[{"@type":"SearchAction","target":{"@type":"EntryPoint","urlTemplate":"https:\/\/metodomanuelcasado.com\/es\/?s={search_term_string}"},"query-input":{"@type":"PropertyValueSpecification","valueRequired":true,"valueName":"search_term_string"}}],"inLanguage":"es"},{"@type":"Organization","@id":"https:\/\/metodomanuelcasado.com\/es\/#organization","name":"Manuel Casado Corsi di massaggio per il benessere psico-fisico","url":"https:\/\/metodomanuelcasado.com\/es\/","logo":{"@type":"ImageObject","inLanguage":"es","@id":"https:\/\/metodomanuelcasado.com\/es\/#\/schema\/logo\/image\/","url":"http:\/\/metodomanuelcasado.com\/wp-content\/uploads\/2022\/11\/cropped-765fab76-1ea1-4dbc-ba36-d11a4c57ebe2.jpeg","contentUrl":"http:\/\/metodomanuelcasado.com\/wp-content\/uploads\/2022\/11\/cropped-765fab76-1ea1-4dbc-ba36-d11a4c57ebe2.jpeg","width":512,"height":512,"caption":"Manuel Casado Corsi di massaggio per il benessere psico-fisico"},"image":{"@id":"https:\/\/metodomanuelcasado.com\/es\/#\/schema\/logo\/image\/"},"sameAs":["https:\/\/www.facebook.com\/profile.php?id=100027872575734","https:\/\/www.instagram.com\/maderoterapia_manuelcasado\/"]}]}},"_links":{"self":[{"href":"https:\/\/metodomanuelcasado.com\/es\/wp-json\/wp\/v2\/product\/5773","targetHints":{"allow":["GET"]}}],"collection":[{"href":"https:\/\/metodomanuelcasado.com\/es\/wp-json\/wp\/v2\/product"}],"about":[{"href":"https:\/\/metodomanuelcasado.com\/es\/wp-json\/wp\/v2\/types\/product"}],"replies":[{"embeddable":true,"href":"https:\/\/metodomanuelcasado.com\/es\/wp-json\/wp\/v2\/comments?post=5773"}],"wp:featuredmedia":[{"embeddable":true,"href":"https:\/\/metodomanuelcasado.com\/es\/wp-json\/wp\/v2\/media\/5324"}],"wp:attachment":[{"href":"https:\/\/metodomanuelcasado.com\/es\/wp-json\/wp\/v2\/media?parent=5773"}],"wp:term":[{"taxonomy":"product_brand","embeddable":true,"href":"https:\/\/metodomanuelcasado.com\/es\/wp-json\/wp\/v2\/product_brand?post=5773"},{"taxonomy":"product_cat","embeddable":true,"href":"https:\/\/metodomanuelcasado.com\/es\/wp-json\/wp\/v2\/product_cat?post=5773"},{"taxonomy":"product_tag","embeddable":true,"href":"https:\/\/metodomanuelcasado.com\/es\/wp-json\/wp\/v2\/product_tag?post=5773"}],"curies":[{"name":"wp","href":"https:\/\/api.w.org\/{rel}","templated":true}]}}