{"id":5762,"date":"2023-04-17T17:01:01","date_gmt":"2023-04-17T15:01:01","guid":{"rendered":"http:\/\/metodomanuelcasado.com\/envios-y-pagos\/"},"modified":"2024-01-07T10:12:25","modified_gmt":"2024-01-07T09:12:25","slug":"envios-y-pagos","status":"publish","type":"page","link":"https:\/\/metodomanuelcasado.com\/es\/envios-y-pagos\/","title":{"rendered":"Env\u00edos y pagos"},"content":{"rendered":"\t\t<div data-elementor-type=\"wp-page\" data-elementor-id=\"5762\" class=\"elementor elementor-5762\" data-elementor-settings=\"{&quot;ha_cmc_init_switcher&quot;:&quot;no&quot;}\" data-elementor-post-type=\"page\">\n\t\t\t\t\t\t<section class=\"elementor-section elementor-top-section elementor-element elementor-element-a339be7 elementor-section-boxed elementor-section-height-default elementor-section-height-default\" data-id=\"a339be7\" data-element_type=\"section\" data-settings=\"{&quot;background_background&quot;:&quot;classic&quot;,&quot;_ha_eqh_enable&quot;:false}\">\n\t\t\t\t\t\t<div class=\"elementor-container elementor-column-gap-default\">\n\t\t\t\t\t<div class=\"elementor-column elementor-col-100 elementor-top-column elementor-element elementor-element-731820b\" data-id=\"731820b\" data-element_type=\"column\" data-settings=\"{&quot;background_background&quot;:&quot;classic&quot;}\">\n\t\t\t<div class=\"elementor-widget-wrap elementor-element-populated\">\n\t\t\t\t\t\t<div class=\"elementor-element elementor-element-6e3fb40 elementor-headline--style-highlight elementor-widget elementor-widget-animated-headline\" data-id=\"6e3fb40\" data-element_type=\"widget\" data-settings=\"{&quot;marker&quot;:&quot;underline&quot;,&quot;highlighted_text&quot;:&quot;ENV\\u00cdOS Y PAGOS&quot;,&quot;headline_style&quot;:&quot;highlight&quot;,&quot;loop&quot;:&quot;yes&quot;,&quot;highlight_animation_duration&quot;:1200,&quot;highlight_iteration_delay&quot;:8000}\" data-widget_type=\"animated-headline.default\">\n\t\t\t\t<div class=\"elementor-widget-container\">\n\t\t\t\t\t\t\t<h3 class=\"elementor-headline\">\n\t\t\t\t<span class=\"elementor-headline-dynamic-wrapper elementor-headline-text-wrapper\">\n\t\t\t\t\t<span class=\"elementor-headline-dynamic-text elementor-headline-text-active\">ENV\u00cdOS Y PAGOS<\/span>\n\t\t\t\t<\/span>\n\t\t\t\t<\/h3>\n\t\t\t\t\t\t<\/div>\n\t\t\t\t<\/div>\n\t\t\t\t<div class=\"elementor-element elementor-element-aed70d3 elementor-widget elementor-widget-text-editor\" data-id=\"aed70d3\" data-element_type=\"widget\" data-widget_type=\"text-editor.default\">\n\t\t\t\t<div class=\"elementor-widget-container\">\n\t\t\t\t\t\t\t\t\t<div id=\"bgLayers_comp-lgc81uee\" class=\"MW5IWV\" data-hook=\"bgLayers\">\n<div id=\"bgMedia_comp-lgc81uee\" class=\"VgO9Yg\">&nbsp;<\/div>\n<\/div>\n<div class=\"\" data-mesh-id=\"comp-lgc81ueeinlineContent\" data-testid=\"inline-content\">\n<div data-mesh-id=\"comp-lgc81ueeinlineContent-gridContainer\" data-testid=\"mesh-container-content\">\n<div id=\"comp-jtfvwoiq\" class=\"KcpHeO tz5f0K comp-jtfvwoiq wixui-rich-text\" data-testid=\"richTextElement\">\n<p class=\"font_8\"><strong>ENV\u00cdO<\/strong><br>Es posible comprar de la siguiente manera:<\/p>\n<ol class=\"font_8\">\n<li>\n<p class=\"font_8\"><strong>Entrega a domicilio<\/strong><br>El plazo de entrega es de 3 a 5 d\u00edas laborables a partir del d\u00eda siguiente a la realizaci\u00f3n del pedido<br>La entrega se realiza de lunes a viernes en horario laboral (9\/13; 14\/18)<br>Una vez realizado el pedido, recibir\u00e1 un correo electr\u00f3nico de \u00abEnv\u00edo confirmado\u00bb en el que encontrar\u00e1 un resumen de los detalles del env\u00edo.<br>N.B. El env\u00edo es <strong>GRATUITO<\/strong> a partir de 80 euros.<\/p>\n<\/li>\n<\/ol>\n<p class=\"font_8\">\n<\/p><p class=\"font_8\"><strong>PAGO<br><\/strong>1. Es posible pagar con las principales<strong> tarjetas de cr\u00e9dito<\/strong> (Visa, MasterCard, etc.) sin coste adicional.<\/p>\n<p class=\"font_8\">La transacci\u00f3n con tarjeta de cr\u00e9dito se realiza a trav\u00e9s del sistema de pago seguro Stripe. El sitio Manuel Casado nunca conoce los datos de su tarjeta de cr\u00e9dito, que se transmiten a trav\u00e9s de una conexi\u00f3n segura y protegida s\u00f3lo al banco que debe dar la autorizaci\u00f3n. En nuestros sistemas no se almacenar\u00e1 ning\u00fan dato relativo a su tarjeta de cr\u00e9dito.<\/p>\n<p>Sus datos personales s\u00f3lo se utilizar\u00e1n para completar la compra, emitir la factura de venta, comunicar la direcci\u00f3n de entrega al mensajero u obtener la autorizaci\u00f3n de cargo.<\/p>\n<p class=\"font_8\">2. Pago a trav\u00e9s de <strong>Paypal<\/strong><\/p>\n<p>3. Pago por<strong>transferencia bancaria&nbsp;<\/strong><\/p>\n<p><\/p>\n<\/div>\n<\/div>\n<\/div>\t\t\t\t\t\t\t\t<\/div>\n\t\t\t\t<\/div>\n\t\t\t\t\t<\/div>\n\t\t<\/div>\n\t\t\t\t\t<\/div>\n\t\t<\/section>\n\t\t\t\t<\/div>\n\t\t","protected":false},"excerpt":{"rendered":"<p>ENV\u00cdOS Y PAGOS &nbsp; ENV\u00cdO Es posible comprar de la siguiente manera: Entrega a domicilio El plazo de entrega es de 3 a 5 d\u00edas laborables a partir del d\u00eda siguiente a la realizaci\u00f3n del pedido La entrega se realiza de lunes a viernes en horario laboral (9\/13; 14\/18) Una vez realizado el pedido, recibir\u00e1 [&hellip;]<\/p>\n","protected":false},"author":1,"featured_media":0,"parent":0,"menu_order":0,"comment_status":"closed","ping_status":"closed","template":"","meta":{"site-sidebar-layout":"no-sidebar","site-content-layout":"page-builder","ast-site-content-layout":"","site-content-style":"default","site-sidebar-style":"default","ast-global-header-display":"","ast-banner-title-visibility":"","ast-main-header-display":"","ast-hfb-above-header-display":"","ast-hfb-below-header-display":"","ast-hfb-mobile-header-display":"","site-post-title":"disabled","ast-breadcrumbs-content":"","ast-featured-img":"disabled","footer-sml-layout":"","theme-transparent-header-meta":"","adv-header-id-meta":"","stick-header-meta":"","header-above-stick-meta":"","header-main-stick-meta":"","header-below-stick-meta":"","astra-migrate-meta-layouts":"default","ast-page-background-enabled":"default","ast-page-background-meta":{"desktop":{"background-color":"var(--ast-global-color-4)","background-image":"","background-repeat":"repeat","background-position":"center center","background-size":"auto","background-attachment":"scroll","background-type":"","background-media":"","overlay-type":"","overlay-color":"","overlay-opacity":"","overlay-gradient":""},"tablet":{"background-color":"","background-image":"","background-repeat":"repeat","background-position":"center center","background-size":"auto","background-attachment":"scroll","background-type":"","background-media":"","overlay-type":"","overlay-color":"","overlay-opacity":"","overlay-gradient":""},"mobile":{"background-color":"","background-image":"","background-repeat":"repeat","background-position":"center center","background-size":"auto","background-attachment":"scroll","background-type":"","background-media":"","overlay-type":"","overlay-color":"","overlay-opacity":"","overlay-gradient":""}},"ast-content-background-meta":{"desktop":{"background-color":"var(--ast-global-color-5)","background-image":"","background-repeat":"repeat","background-position":"center center","background-size":"auto","background-attachment":"scroll","background-type":"","background-media":"","overlay-type":"","overlay-color":"","overlay-opacity":"","overlay-gradient":""},"tablet":{"background-color":"var(--ast-global-color-5)","background-image":"","background-repeat":"repeat","background-position":"center center","background-size":"auto","background-attachment":"scroll","background-type":"","background-media":"","overlay-type":"","overlay-color":"","overlay-opacity":"","overlay-gradient":""},"mobile":{"background-color":"var(--ast-global-color-5)","background-image":"","background-repeat":"repeat","background-position":"center center","background-size":"auto","background-attachment":"scroll","background-type":"","background-media":"","overlay-type":"","overlay-color":"","overlay-opacity":"","overlay-gradient":""}},"_glsr_average":0,"_glsr_ranking":0,"_glsr_reviews":0,"footnotes":""},"class_list":["post-5762","page","type-page","status-publish","hentry"],"yoast_head":"<!-- This site is optimized with the Yoast SEO plugin v26.6 - https:\/\/yoast.com\/wordpress\/plugins\/seo\/ -->\n<title>Env\u00edos y pagos - Metodo Manuel Casado<\/title>\n<meta name=\"description\" content=\"Cursos de masaje para el bienestar psicof\u00edsico, disciplinas orientales y occidentales y terapias naturales.\" \/>\n<meta name=\"robots\" content=\"index, follow, max-snippet:-1, max-image-preview:large, max-video-preview:-1\" \/>\n<link rel=\"canonical\" href=\"https:\/\/metodomanuelcasado.com\/es\/envios-y-pagos\/\" \/>\n<meta property=\"og:locale\" content=\"es_ES\" \/>\n<meta property=\"og:type\" content=\"article\" \/>\n<meta property=\"og:title\" content=\"Env\u00edos y pagos - Metodo Manuel Casado\" \/>\n<meta property=\"og:description\" content=\"Cursos de masaje para el bienestar psicof\u00edsico, disciplinas orientales y occidentales y terapias naturales.\" \/>\n<meta property=\"og:url\" content=\"https:\/\/metodomanuelcasado.com\/es\/envios-y-pagos\/\" \/>\n<meta property=\"og:site_name\" content=\"Metodo Manuel Casado\" \/>\n<meta property=\"article:publisher\" content=\"https:\/\/www.facebook.com\/profile.php?id=100027872575734\" \/>\n<meta property=\"article:modified_time\" content=\"2024-01-07T09:12:25+00:00\" \/>\n<meta name=\"twitter:card\" content=\"summary_large_image\" \/>\n<meta name=\"twitter:label1\" content=\"Tiempo de lectura\" \/>\n\t<meta name=\"twitter:data1\" content=\"2 minutos\" \/>\n<script type=\"application\/ld+json\" class=\"yoast-schema-graph\">{\"@context\":\"https:\/\/schema.org\",\"@graph\":[{\"@type\":\"WebPage\",\"@id\":\"https:\/\/metodomanuelcasado.com\/es\/envios-y-pagos\/\",\"url\":\"https:\/\/metodomanuelcasado.com\/es\/envios-y-pagos\/\",\"name\":\"Env\u00edos y pagos - Metodo Manuel Casado\",\"isPartOf\":{\"@id\":\"https:\/\/metodomanuelcasado.com\/es\/#website\"},\"datePublished\":\"2023-04-17T15:01:01+00:00\",\"dateModified\":\"2024-01-07T09:12:25+00:00\",\"description\":\"Cursos de masaje para el bienestar psicof\u00edsico, disciplinas orientales y occidentales y terapias naturales.\",\"breadcrumb\":{\"@id\":\"https:\/\/metodomanuelcasado.com\/es\/envios-y-pagos\/#breadcrumb\"},\"inLanguage\":\"es\",\"potentialAction\":[{\"@type\":\"ReadAction\",\"target\":[\"https:\/\/metodomanuelcasado.com\/es\/envios-y-pagos\/\"]}]},{\"@type\":\"BreadcrumbList\",\"@id\":\"https:\/\/metodomanuelcasado.com\/es\/envios-y-pagos\/#breadcrumb\",\"itemListElement\":[{\"@type\":\"ListItem\",\"position\":1,\"name\":\"Home\",\"item\":\"https:\/\/metodomanuelcasado.com\/es\/\"},{\"@type\":\"ListItem\",\"position\":2,\"name\":\"Env\u00edos y pagos\"}]},{\"@type\":\"WebSite\",\"@id\":\"https:\/\/metodomanuelcasado.com\/es\/#website\",\"url\":\"https:\/\/metodomanuelcasado.com\/es\/\",\"name\":\"Manuel Casado\",\"description\":\"Corsi di massaggio\",\"publisher\":{\"@id\":\"https:\/\/metodomanuelcasado.com\/es\/#organization\"},\"potentialAction\":[{\"@type\":\"SearchAction\",\"target\":{\"@type\":\"EntryPoint\",\"urlTemplate\":\"https:\/\/metodomanuelcasado.com\/es\/?s={search_term_string}\"},\"query-input\":{\"@type\":\"PropertyValueSpecification\",\"valueRequired\":true,\"valueName\":\"search_term_string\"}}],\"inLanguage\":\"es\"},{\"@type\":\"Organization\",\"@id\":\"https:\/\/metodomanuelcasado.com\/es\/#organization\",\"name\":\"Manuel Casado Corsi di massaggio per il benessere psico-fisico\",\"url\":\"https:\/\/metodomanuelcasado.com\/es\/\",\"logo\":{\"@type\":\"ImageObject\",\"inLanguage\":\"es\",\"@id\":\"https:\/\/metodomanuelcasado.com\/es\/#\/schema\/logo\/image\/\",\"url\":\"http:\/\/metodomanuelcasado.com\/wp-content\/uploads\/2022\/11\/cropped-765fab76-1ea1-4dbc-ba36-d11a4c57ebe2.jpeg\",\"contentUrl\":\"http:\/\/metodomanuelcasado.com\/wp-content\/uploads\/2022\/11\/cropped-765fab76-1ea1-4dbc-ba36-d11a4c57ebe2.jpeg\",\"width\":512,\"height\":512,\"caption\":\"Manuel Casado Corsi di massaggio per il benessere psico-fisico\"},\"image\":{\"@id\":\"https:\/\/metodomanuelcasado.com\/es\/#\/schema\/logo\/image\/\"},\"sameAs\":[\"https:\/\/www.facebook.com\/profile.php?id=100027872575734\",\"https:\/\/www.instagram.com\/maderoterapia_manuelcasado\/\"]}]}<\/script>\n<!-- \/ Yoast SEO plugin. -->","yoast_head_json":{"title":"Env\u00edos y pagos - Metodo Manuel Casado","description":"Cursos de masaje para el bienestar psicof\u00edsico, disciplinas orientales y occidentales y terapias naturales.","robots":{"index":"index","follow":"follow","max-snippet":"max-snippet:-1","max-image-preview":"max-image-preview:large","max-video-preview":"max-video-preview:-1"},"canonical":"https:\/\/metodomanuelcasado.com\/es\/envios-y-pagos\/","og_locale":"es_ES","og_type":"article","og_title":"Env\u00edos y pagos - Metodo Manuel Casado","og_description":"Cursos de masaje para el bienestar psicof\u00edsico, disciplinas orientales y occidentales y terapias naturales.","og_url":"https:\/\/metodomanuelcasado.com\/es\/envios-y-pagos\/","og_site_name":"Metodo Manuel Casado","article_publisher":"https:\/\/www.facebook.com\/profile.php?id=100027872575734","article_modified_time":"2024-01-07T09:12:25+00:00","twitter_card":"summary_large_image","twitter_misc":{"Tiempo de lectura":"2 minutos"},"schema":{"@context":"https:\/\/schema.org","@graph":[{"@type":"WebPage","@id":"https:\/\/metodomanuelcasado.com\/es\/envios-y-pagos\/","url":"https:\/\/metodomanuelcasado.com\/es\/envios-y-pagos\/","name":"Env\u00edos y pagos - Metodo Manuel Casado","isPartOf":{"@id":"https:\/\/metodomanuelcasado.com\/es\/#website"},"datePublished":"2023-04-17T15:01:01+00:00","dateModified":"2024-01-07T09:12:25+00:00","description":"Cursos de masaje para el bienestar psicof\u00edsico, disciplinas orientales y occidentales y terapias naturales.","breadcrumb":{"@id":"https:\/\/metodomanuelcasado.com\/es\/envios-y-pagos\/#breadcrumb"},"inLanguage":"es","potentialAction":[{"@type":"ReadAction","target":["https:\/\/metodomanuelcasado.com\/es\/envios-y-pagos\/"]}]},{"@type":"BreadcrumbList","@id":"https:\/\/metodomanuelcasado.com\/es\/envios-y-pagos\/#breadcrumb","itemListElement":[{"@type":"ListItem","position":1,"name":"Home","item":"https:\/\/metodomanuelcasado.com\/es\/"},{"@type":"ListItem","position":2,"name":"Env\u00edos y pagos"}]},{"@type":"WebSite","@id":"https:\/\/metodomanuelcasado.com\/es\/#website","url":"https:\/\/metodomanuelcasado.com\/es\/","name":"Manuel Casado","description":"Corsi di massaggio","publisher":{"@id":"https:\/\/metodomanuelcasado.com\/es\/#organization"},"potentialAction":[{"@type":"SearchAction","target":{"@type":"EntryPoint","urlTemplate":"https:\/\/metodomanuelcasado.com\/es\/?s={search_term_string}"},"query-input":{"@type":"PropertyValueSpecification","valueRequired":true,"valueName":"search_term_string"}}],"inLanguage":"es"},{"@type":"Organization","@id":"https:\/\/metodomanuelcasado.com\/es\/#organization","name":"Manuel Casado Corsi di massaggio per il benessere psico-fisico","url":"https:\/\/metodomanuelcasado.com\/es\/","logo":{"@type":"ImageObject","inLanguage":"es","@id":"https:\/\/metodomanuelcasado.com\/es\/#\/schema\/logo\/image\/","url":"http:\/\/metodomanuelcasado.com\/wp-content\/uploads\/2022\/11\/cropped-765fab76-1ea1-4dbc-ba36-d11a4c57ebe2.jpeg","contentUrl":"http:\/\/metodomanuelcasado.com\/wp-content\/uploads\/2022\/11\/cropped-765fab76-1ea1-4dbc-ba36-d11a4c57ebe2.jpeg","width":512,"height":512,"caption":"Manuel Casado Corsi di massaggio per il benessere psico-fisico"},"image":{"@id":"https:\/\/metodomanuelcasado.com\/es\/#\/schema\/logo\/image\/"},"sameAs":["https:\/\/www.facebook.com\/profile.php?id=100027872575734","https:\/\/www.instagram.com\/maderoterapia_manuelcasado\/"]}]}},"_links":{"self":[{"href":"https:\/\/metodomanuelcasado.com\/es\/wp-json\/wp\/v2\/pages\/5762","targetHints":{"allow":["GET"]}}],"collection":[{"href":"https:\/\/metodomanuelcasado.com\/es\/wp-json\/wp\/v2\/pages"}],"about":[{"href":"https:\/\/metodomanuelcasado.com\/es\/wp-json\/wp\/v2\/types\/page"}],"author":[{"embeddable":true,"href":"https:\/\/metodomanuelcasado.com\/es\/wp-json\/wp\/v2\/users\/1"}],"replies":[{"embeddable":true,"href":"https:\/\/metodomanuelcasado.com\/es\/wp-json\/wp\/v2\/comments?post=5762"}],"version-history":[{"count":2,"href":"https:\/\/metodomanuelcasado.com\/es\/wp-json\/wp\/v2\/pages\/5762\/revisions"}],"predecessor-version":[{"id":6030,"href":"https:\/\/metodomanuelcasado.com\/es\/wp-json\/wp\/v2\/pages\/5762\/revisions\/6030"}],"wp:attachment":[{"href":"https:\/\/metodomanuelcasado.com\/es\/wp-json\/wp\/v2\/media?parent=5762"}],"curies":[{"name":"wp","href":"https:\/\/api.w.org\/{rel}","templated":true}]}}